{"id":82,"date":"2018-03-27T10:42:26","date_gmt":"2018-03-27T08:42:26","guid":{"rendered":"http:\/\/lsci.fr\/?page_id=82"},"modified":"2018-04-04T09:36:45","modified_gmt":"2018-04-04T07:36:45","slug":"a-propos-de","status":"publish","type":"page","link":"https:\/\/lsci.fr\/index.php\/a-propos-de\/","title":{"rendered":"\u00c0 propos de nous"},"content":{"rendered":"<p><em>LANGUEDOC SCIENTIFIQUE<\/em> est une soci\u00e9t\u00e9 Fran\u00e7aise d\u00e9di\u00e9e \u00e0 la conception, dessin et fabrication d&#8217;appareils standards ou sp\u00e9ciaux pour toute sorte de laboratoires .<br \/>\nNos appareils sont fabriqu\u00e9s avec la marque <em>LSCI<\/em>.<br \/>\nN\u00f4tre usine est instal\u00e9e \u00e0 RIVESALTES (66).<br \/>\nNous sommes une entreprise notamment technique-scientifique, qui dessine et fabrique ses produits exclusivement selon les normes Europ\u00e9ennes CE; satisfaisant les besoins sp\u00e9cifiques des usagers.<\/p>\n<p>On veut vous faire remarquer certains arguments diff\u00e9renciels de n\u00f4tre soci\u00e9t\u00e9.<\/p>\n<p>1.- TOTALE FABRICATION EN FRANCE<br \/>\n2.- GARANTIE 3 ANS<br \/>\n3.- DELAIS DE LIVRAISON ENTRE 1 ET 21 JOURS SANS LIMITE DE<br \/>\nQUANTITE D&#8217;UNITES<br \/>\n4.- SERVICE APRES-VENTE DANS 24 HEURES<br \/>\n5.- POSSIBILITE DE CONCEPTION ET FABRICATION D&#8217;APPAREILS SUR<br \/>\nMESURE<br \/>\nNous avons la gamme plus compl\u00e8te du monde d\u2019agitateurs et bains thermostatiques.<\/p>\n","protected":false},"excerpt":{"rendered":"<p>LANGUEDOC SCIENTIFIQUE est une soci\u00e9t\u00e9 Fran\u00e7aise d\u00e9di\u00e9e \u00e0 la conception, dessin et fabrication d&#8217;appareils standards ou sp\u00e9ciaux pour toute sorte de laboratoires . Nos appareils sont fabriqu\u00e9s avec la marque LSCI. N\u00f4tre usine est instal\u00e9e \u00e0 RIVESALTES (66). Nous sommes une entreprise notamment technique-scientifique, qui dessine et fabrique ses produits exclusivement selon les normes Europ\u00e9ennes [&hellip;]<\/p>\n","protected":false},"author":1,"featured_media":79,"parent":0,"menu_order":0,"comment_status":"closed","ping_status":"closed","template":"","meta":[],"_links":{"self":[{"href":"https:\/\/lsci.fr\/index.php\/wp-json\/wp\/v2\/pages\/82"}],"collection":[{"href":"https:\/\/lsci.fr\/index.php\/wp-json\/wp\/v2\/pages"}],"about":[{"href":"https:\/\/lsci.fr\/index.php\/wp-json\/wp\/v2\/types\/page"}],"author":[{"embeddable":true,"href":"https:\/\/lsci.fr\/index.php\/wp-json\/wp\/v2\/users\/1"}],"replies":[{"embeddable":true,"href":"https:\/\/lsci.fr\/index.php\/wp-json\/wp\/v2\/comments?post=82"}],"version-history":[{"count":5,"href":"https:\/\/lsci.fr\/index.php\/wp-json\/wp\/v2\/pages\/82\/revisions"}],"predecessor-version":[{"id":209,"href":"https:\/\/lsci.fr\/index.php\/wp-json\/wp\/v2\/pages\/82\/revisions\/209"}],"wp:featuredmedia":[{"embeddable":true,"href":"https:\/\/lsci.fr\/index.php\/wp-json\/wp\/v2\/media\/79"}],"wp:attachment":[{"href":"https:\/\/lsci.fr\/index.php\/wp-json\/wp\/v2\/media?parent=82"}],"curies":[{"name":"wp","href":"https:\/\/api.w.org\/{rel}","templated":true}]}}