{"id":273,"date":"2019-03-29T15:11:12","date_gmt":"2019-03-29T14:11:12","guid":{"rendered":"http:\/\/lsci.fr\/?page_id=273"},"modified":"2019-04-12T17:53:24","modified_gmt":"2019-04-12T15:53:24","slug":"http-lsci-fr-index-php-agitation-magnetique-anm-agitateurs-magnetiques-sans-chauffage-multiposte-anm-10006","status":"publish","type":"page","link":"https:\/\/lsci.fr\/index.php\/http-lsci-fr-index-php-agitation-magnetique-anm-agitateurs-magnetiques-sans-chauffage-multiposte-anm-10006\/","title":{"rendered":"ANM-10006"},"content":{"rendered":"\n<h1 style=\"text-align:center\">ANM-10006<\/h1>\n\n\n\n<figure class=\"wp-block-image\"><img loading=\"lazy\" width=\"1000\" height=\"750\" src=\"http:\/\/lsci.fr\/wp-content\/uploads\/2019\/03\/ANM-10006-ER-WR.jpg\" alt=\"\" class=\"wp-image-253\" srcset=\"https:\/\/lsci.fr\/wp-content\/uploads\/2019\/03\/ANM-10006-ER-WR.jpg 1000w, https:\/\/lsci.fr\/wp-content\/uploads\/2019\/03\/ANM-10006-ER-WR-300x225.jpg 300w, https:\/\/lsci.fr\/wp-content\/uploads\/2019\/03\/ANM-10006-ER-WR-768x576.jpg 768w\" sizes=\"(max-width: 1000px) 100vw, 1000px\" \/><\/figure>\n\n\n\n<figure class=\"wp-block-image\"><img loading=\"lazy\" width=\"1000\" height=\"750\" src=\"http:\/\/lsci.fr\/wp-content\/uploads\/2019\/03\/ANM-10006-WR.jpg\" alt=\"\" class=\"wp-image-274\" srcset=\"https:\/\/lsci.fr\/wp-content\/uploads\/2019\/03\/ANM-10006-WR.jpg 1000w, https:\/\/lsci.fr\/wp-content\/uploads\/2019\/03\/ANM-10006-WR-300x225.jpg 300w, https:\/\/lsci.fr\/wp-content\/uploads\/2019\/03\/ANM-10006-WR-768x576.jpg 768w\" sizes=\"(max-width: 1000px) 100vw, 1000px\" \/><\/figure>\n\n\n\n<p><strong>DESCRIPTION:<\/strong> Agitateurs magn\u00e9tiques multipostes avec bo\u00eetier extra-plat en acier inox, avec surface non-glissante pour \u00e9viter d\u00e9placements des r\u00e9cipients avec un petit poids. R\u00e9gulation analogique de la vitesse 300-1500Tr\/min INDIVIDUELLE de chaque poste.<\/p>\n\n\n\n<p><strong>PUISSANCE D\u2019AGITATION:<\/strong> Pour les mod\u00e8les standard l\u2019\u00e9quivalente \u00e0 2L d\u2019eau, pour liquides \u00e0 faible viscosit\u00e9, pour les mod\u00e8les lineal l\u2019\u00e9quivalente \u00e0 10L d\u2019eau, pour liquides \u00e0 viscosit\u00e9 moyenne.<br>Aimants extra-puissants d\u2019alliage sp\u00e9cial avec \u00e9quilibrage dynamique et magn\u00e9tique \u00e0 laser, pour r\u00e9duire les vibrations et rotation excentrique. Livr\u00e9s avec un aimant gain\u00e9 en PTFE par poste.<\/p>\n\n\n\n<p>Avec ses 6 postes, permettent de placer des r\u00e9cipients jusqu\u2019\u00e0 \u00d8110mm. Les postes sont plac\u00e9s en lignes de 3 unit\u00e9s et chaque ligne est plac\u00e9e derri\u00e8re de l\u2019autre.<\/p>\n\n\n\n<p><strong>CONDITIONS DE TRAVAIL:<\/strong> Ils fonctionnent \u00e0 basse tension gr\u00e2ce \u00e0 une source separ\u00e9e, incorpor\u00e9e dans la m\u00eame prise permettant fonctionner 90-230Vac, augmentant la s\u00e9curit\u00e9 de l\u2019utilisateur et permettant de le placer dans un incubateur ou dans une h\u00f4tte 0-50\u00baC 80% d\u2019humidit\u00e9 relative. Protection selon DIN EN 60529 IP 21.<\/p>\n\n\n\n<p><strong>CARAT\u00c9RISTIQUES TECHNIQUES<\/strong><\/p>\n\n\n\n<p>N\u00ba de postes: 6<\/p>\n\n\n\n<p>Poids: 3kg<\/p>\n\n\n\n<p>Mesures: 290mm Profondeur, 365mm Largeur, 56mm Hauteur<\/p>\n\n\n\n<p>Puissance: 12W<\/p>\n\n\n\n<p style=\"text-align:center\"><strong><a href=\"https:\/\/www.dropbox.com\/s\/xwzasvh6nz54q92\/ANM-10006%20Fr%20web.pdf?dl=0\">T\u00e9l\u00e9charger la brochure ici<\/a><\/strong><\/p>\n","protected":false},"excerpt":{"rendered":"<p>ANM-10006 DESCRIPTION: Agitateurs magn\u00e9tiques multipostes avec bo\u00eetier extra-plat en acier inox, avec surface non-glissante pour \u00e9viter d\u00e9placements des r\u00e9cipients avec un petit poids. R\u00e9gulation analogique de la vitesse 300-1500Tr\/min INDIVIDUELLE de chaque poste. PUISSANCE D\u2019AGITATION: Pour les mod\u00e8les standard l\u2019\u00e9quivalente \u00e0 2L d\u2019eau, pour liquides \u00e0 faible viscosit\u00e9, pour les mod\u00e8les lineal l\u2019\u00e9quivalente \u00e0 10L [&hellip;]<\/p>\n","protected":false},"author":1,"featured_media":0,"parent":0,"menu_order":0,"comment_status":"closed","ping_status":"closed","template":"","meta":[],"_links":{"self":[{"href":"https:\/\/lsci.fr\/index.php\/wp-json\/wp\/v2\/pages\/273"}],"collection":[{"href":"https:\/\/lsci.fr\/index.php\/wp-json\/wp\/v2\/pages"}],"about":[{"href":"https:\/\/lsci.fr\/index.php\/wp-json\/wp\/v2\/types\/page"}],"author":[{"embeddable":true,"href":"https:\/\/lsci.fr\/index.php\/wp-json\/wp\/v2\/users\/1"}],"replies":[{"embeddable":true,"href":"https:\/\/lsci.fr\/index.php\/wp-json\/wp\/v2\/comments?post=273"}],"version-history":[{"count":3,"href":"https:\/\/lsci.fr\/index.php\/wp-json\/wp\/v2\/pages\/273\/revisions"}],"predecessor-version":[{"id":339,"href":"https:\/\/lsci.fr\/index.php\/wp-json\/wp\/v2\/pages\/273\/revisions\/339"}],"wp:attachment":[{"href":"https:\/\/lsci.fr\/index.php\/wp-json\/wp\/v2\/media?parent=273"}],"curies":[{"name":"wp","href":"https:\/\/api.w.org\/{rel}","templated":true}]}}