{"id":2,"date":"2018-03-23T16:48:23","date_gmt":"2018-03-23T15:48:23","guid":{"rendered":"http:\/\/lsci.fr\/?page_id=2"},"modified":"2022-11-09T17:25:35","modified_gmt":"2022-11-09T16:25:35","slug":"page-d-exemple","status":"publish","type":"page","link":"https:\/\/lsci.fr\/index.php\/page-d-exemple\/","title":{"rendered":"Catalogue"},"content":{"rendered":"<p style=\"text-align: center;\"><strong>T\u00e9l\u00e9charchez n\u00f4tre catalogue g\u00e9neral en Fran\u00e7ais\u00a0\u00a0<\/strong><\/p>\n<p><a href=\"https:\/\/www.dropbox.com\/s\/ipiaqq8lbfkbjy9\/LSCI%20CATALOGUE%202019.pdf?dl=0\"><img loading=\"lazy\" class=\"wp-image-226 aligncenter\" src=\"http:\/\/lsci.fr\/wp-content\/uploads\/2018\/04\/Bot\u00f3-descarga-150x150.png\" alt=\"\" width=\"100\" height=\"100\" srcset=\"https:\/\/lsci.fr\/wp-content\/uploads\/2018\/04\/Bot\u00f3-descarga-150x150.png 150w, https:\/\/lsci.fr\/wp-content\/uploads\/2018\/04\/Bot\u00f3-descarga-300x300.png 300w, https:\/\/lsci.fr\/wp-content\/uploads\/2018\/04\/Bot\u00f3-descarga-768x768.png 768w, https:\/\/lsci.fr\/wp-content\/uploads\/2018\/04\/Bot\u00f3-descarga-1024x1024.png 1024w, https:\/\/lsci.fr\/wp-content\/uploads\/2018\/04\/Bot\u00f3-descarga.png 1280w\" sizes=\"(max-width: 100px) 100vw, 100px\" \/><\/a><\/p>\n<p style=\"text-align: center;\"><strong>Descargue nuestro cat\u00e1logo en espa\u00f1ol<\/strong><\/p>\n<p><a href=\"https:\/\/www.dropbox.com\/s\/ahxmz9f8jmuok69\/LSCI%20CATALOGO%20GENERAL%202019.pdf?dl=0\"><img loading=\"lazy\" class=\"wp-image-226 aligncenter\" src=\"http:\/\/lsci.fr\/wp-content\/uploads\/2018\/04\/Bot\u00f3-descarga-150x150.png\" alt=\"\" width=\"100\" height=\"100\" srcset=\"https:\/\/lsci.fr\/wp-content\/uploads\/2018\/04\/Bot\u00f3-descarga-150x150.png 150w, https:\/\/lsci.fr\/wp-content\/uploads\/2018\/04\/Bot\u00f3-descarga-300x300.png 300w, https:\/\/lsci.fr\/wp-content\/uploads\/2018\/04\/Bot\u00f3-descarga-768x768.png 768w, https:\/\/lsci.fr\/wp-content\/uploads\/2018\/04\/Bot\u00f3-descarga-1024x1024.png 1024w, https:\/\/lsci.fr\/wp-content\/uploads\/2018\/04\/Bot\u00f3-descarga.png 1280w\" sizes=\"(max-width: 100px) 100vw, 100px\" \/><\/a><\/p>\n<p style=\"text-align: center;\"><strong>Donwload our catalogue in English<\/strong><\/p>\n<p><a href=\"https:\/\/www.dropbox.com\/s\/5a7gqesl7wdscem\/LSCI%20GENERAL%20CATALOGUE%202019.pdf?dl=0\"><img loading=\"lazy\" class=\"wp-image-226 aligncenter\" src=\"http:\/\/lsci.fr\/wp-content\/uploads\/2018\/04\/Bot\u00f3-descarga-150x150.png\" alt=\"\" width=\"100\" height=\"100\" srcset=\"https:\/\/lsci.fr\/wp-content\/uploads\/2018\/04\/Bot\u00f3-descarga-150x150.png 150w, https:\/\/lsci.fr\/wp-content\/uploads\/2018\/04\/Bot\u00f3-descarga-300x300.png 300w, https:\/\/lsci.fr\/wp-content\/uploads\/2018\/04\/Bot\u00f3-descarga-768x768.png 768w, https:\/\/lsci.fr\/wp-content\/uploads\/2018\/04\/Bot\u00f3-descarga-1024x1024.png 1024w, https:\/\/lsci.fr\/wp-content\/uploads\/2018\/04\/Bot\u00f3-descarga.png 1280w\" sizes=\"(max-width: 100px) 100vw, 100px\" \/><\/a><\/p>\n","protected":false},"excerpt":{"rendered":"<p>T\u00e9l\u00e9charchez n\u00f4tre catalogue g\u00e9neral en Fran\u00e7ais\u00a0\u00a0 Descargue nuestro cat\u00e1logo en espa\u00f1ol Donwload our catalogue in English<\/p>\n","protected":false},"author":1,"featured_media":0,"parent":0,"menu_order":0,"comment_status":"closed","ping_status":"open","template":"","meta":[],"_links":{"self":[{"href":"https:\/\/lsci.fr\/index.php\/wp-json\/wp\/v2\/pages\/2"}],"collection":[{"href":"https:\/\/lsci.fr\/index.php\/wp-json\/wp\/v2\/pages"}],"about":[{"href":"https:\/\/lsci.fr\/index.php\/wp-json\/wp\/v2\/types\/page"}],"author":[{"embeddable":true,"href":"https:\/\/lsci.fr\/index.php\/wp-json\/wp\/v2\/users\/1"}],"replies":[{"embeddable":true,"href":"https:\/\/lsci.fr\/index.php\/wp-json\/wp\/v2\/comments?post=2"}],"version-history":[{"count":14,"href":"https:\/\/lsci.fr\/index.php\/wp-json\/wp\/v2\/pages\/2\/revisions"}],"predecessor-version":[{"id":358,"href":"https:\/\/lsci.fr\/index.php\/wp-json\/wp\/v2\/pages\/2\/revisions\/358"}],"wp:attachment":[{"href":"https:\/\/lsci.fr\/index.php\/wp-json\/wp\/v2\/media?parent=2"}],"curies":[{"name":"wp","href":"https:\/\/api.w.org\/{rel}","templated":true}]}}