{"id":162,"date":"2018-03-29T16:38:29","date_gmt":"2018-03-29T14:38:29","guid":{"rendered":"http:\/\/lsci.fr\/?page_id=162"},"modified":"2019-04-02T15:26:07","modified_gmt":"2019-04-02T13:26:07","slug":"reacteurs","status":"publish","type":"page","link":"https:\/\/lsci.fr\/index.php\/reacteurs\/","title":{"rendered":"R\u00e9acteurs"},"content":{"rendered":"<p><img loading=\"lazy\" class=\"aligncenter size-full wp-image-184\" src=\"http:\/\/lsci.fr\/wp-content\/uploads\/2018\/03\/WR_REA_3.jpg\" alt=\"WR_REA_3\" width=\"1000\" height=\"667\" srcset=\"https:\/\/lsci.fr\/wp-content\/uploads\/2018\/03\/WR_REA_3.jpg 1000w, https:\/\/lsci.fr\/wp-content\/uploads\/2018\/03\/WR_REA_3-300x200.jpg 300w, https:\/\/lsci.fr\/wp-content\/uploads\/2018\/03\/WR_REA_3-768x512.jpg 768w\" sizes=\"(max-width: 1000px) 100vw, 1000px\" \/><\/p>\n<h1 style=\"text-align: center;\">R\u00c9ACTEURS<\/h1>\n<p>La famille des R\u00c9ACTEURS est compos\u00e9e de 28 r\u00e9acteurs avec leurs accessoires correspondants destin\u00e9s \u00e0 effectuer des r\u00e9actions telles que: \u00c0 pression, \u00e0 vide, batch, bio-r\u00e9acteur, catalytique, continu, CVD, discontinu, \u00e9lectrochimique, fermenteur, photochimique, parfaitement agit\u00e9, polym\u00e9risation et synth\u00e8se.<\/p>\n<p><a href=\"https:\/\/www.dropbox.com\/s\/d12bwbzwpty2ub5\/LSCI%20R%C3%A9acteurs%202019.pdf?dl=0\"><strong><img loading=\"lazy\" class=\"alignleft  wp-image-226\" src=\"http:\/\/lsci.fr\/wp-content\/uploads\/2018\/04\/Bot\u00f3-descarga-150x150.png\" alt=\"\" width=\"59\" height=\"59\" srcset=\"https:\/\/lsci.fr\/wp-content\/uploads\/2018\/04\/Bot\u00f3-descarga-150x150.png 150w, https:\/\/lsci.fr\/wp-content\/uploads\/2018\/04\/Bot\u00f3-descarga-300x300.png 300w, https:\/\/lsci.fr\/wp-content\/uploads\/2018\/04\/Bot\u00f3-descarga-768x768.png 768w, https:\/\/lsci.fr\/wp-content\/uploads\/2018\/04\/Bot\u00f3-descarga-1024x1024.png 1024w, https:\/\/lsci.fr\/wp-content\/uploads\/2018\/04\/Bot\u00f3-descarga.png 1280w\" sizes=\"(max-width: 59px) 100vw, 59px\" \/><\/strong><\/a><\/p>\n<p><strong>T\u00e9l\u00e9chargez le catalogue de r\u00e9acteurs<\/strong><\/p>\n<p><a href=\"https:\/\/www.dropbox.com\/s\/ipknhdvnot7p3e4\/LSCI%20Reactors%202019.pdf?dl=0\"><strong><img loading=\"lazy\" class=\"alignleft  wp-image-226\" src=\"http:\/\/lsci.fr\/wp-content\/uploads\/2018\/04\/Bot\u00f3-descarga-150x150.png\" alt=\"\" width=\"59\" height=\"59\" srcset=\"https:\/\/lsci.fr\/wp-content\/uploads\/2018\/04\/Bot\u00f3-descarga-150x150.png 150w, https:\/\/lsci.fr\/wp-content\/uploads\/2018\/04\/Bot\u00f3-descarga-300x300.png 300w, https:\/\/lsci.fr\/wp-content\/uploads\/2018\/04\/Bot\u00f3-descarga-768x768.png 768w, https:\/\/lsci.fr\/wp-content\/uploads\/2018\/04\/Bot\u00f3-descarga-1024x1024.png 1024w, https:\/\/lsci.fr\/wp-content\/uploads\/2018\/04\/Bot\u00f3-descarga.png 1280w\" sizes=\"(max-width: 59px) 100vw, 59px\" \/><\/strong><\/a><\/p>\n<p><strong>Download reactors catalogue<\/strong><\/p>\n<p><strong><a href=\"https:\/\/www.dropbox.com\/s\/zs4wnm9uz19p821\/LSCI%20Reactores%202019.pdf?dl=0\"><img loading=\"lazy\" class=\"alignleft  wp-image-226\" src=\"http:\/\/lsci.fr\/wp-content\/uploads\/2018\/04\/Bot\u00f3-descarga-150x150.png\" alt=\"\" width=\"60\" height=\"60\" srcset=\"https:\/\/lsci.fr\/wp-content\/uploads\/2018\/04\/Bot\u00f3-descarga-150x150.png 150w, https:\/\/lsci.fr\/wp-content\/uploads\/2018\/04\/Bot\u00f3-descarga-300x300.png 300w, https:\/\/lsci.fr\/wp-content\/uploads\/2018\/04\/Bot\u00f3-descarga-768x768.png 768w, https:\/\/lsci.fr\/wp-content\/uploads\/2018\/04\/Bot\u00f3-descarga-1024x1024.png 1024w, https:\/\/lsci.fr\/wp-content\/uploads\/2018\/04\/Bot\u00f3-descarga.png 1280w\" sizes=\"(max-width: 60px) 100vw, 60px\" \/><\/a>Descargar el cat\u00e1logo de reactores<\/strong><\/p>\n","protected":false},"excerpt":{"rendered":"<p>R\u00c9ACTEURS La famille des R\u00c9ACTEURS est compos\u00e9e de 28 r\u00e9acteurs avec leurs accessoires correspondants destin\u00e9s \u00e0 effectuer des r\u00e9actions telles que: \u00c0 pression, \u00e0 vide, batch, bio-r\u00e9acteur, catalytique, continu, CVD, discontinu, \u00e9lectrochimique, fermenteur, photochimique, parfaitement agit\u00e9, polym\u00e9risation et synth\u00e8se. T\u00e9l\u00e9chargez le catalogue de r\u00e9acteurs Download reactors catalogue Descargar el cat\u00e1logo de reactores<\/p>\n","protected":false},"author":1,"featured_media":0,"parent":0,"menu_order":0,"comment_status":"closed","ping_status":"closed","template":"","meta":[],"_links":{"self":[{"href":"https:\/\/lsci.fr\/index.php\/wp-json\/wp\/v2\/pages\/162"}],"collection":[{"href":"https:\/\/lsci.fr\/index.php\/wp-json\/wp\/v2\/pages"}],"about":[{"href":"https:\/\/lsci.fr\/index.php\/wp-json\/wp\/v2\/types\/page"}],"author":[{"embeddable":true,"href":"https:\/\/lsci.fr\/index.php\/wp-json\/wp\/v2\/users\/1"}],"replies":[{"embeddable":true,"href":"https:\/\/lsci.fr\/index.php\/wp-json\/wp\/v2\/comments?post=162"}],"version-history":[{"count":4,"href":"https:\/\/lsci.fr\/index.php\/wp-json\/wp\/v2\/pages\/162\/revisions"}],"predecessor-version":[{"id":331,"href":"https:\/\/lsci.fr\/index.php\/wp-json\/wp\/v2\/pages\/162\/revisions\/331"}],"wp:attachment":[{"href":"https:\/\/lsci.fr\/index.php\/wp-json\/wp\/v2\/media?parent=162"}],"curies":[{"name":"wp","href":"https:\/\/api.w.org\/{rel}","templated":true}]}}