{"id":160,"date":"2018-03-29T16:38:13","date_gmt":"2018-03-29T14:38:13","guid":{"rendered":"http:\/\/lsci.fr\/?page_id=160"},"modified":"2019-04-02T15:22:16","modified_gmt":"2019-04-02T13:22:16","slug":"thermostatisation","status":"publish","type":"page","link":"https:\/\/lsci.fr\/index.php\/thermostatisation\/","title":{"rendered":"Thermostatisation"},"content":{"rendered":"<p><img loading=\"lazy\" class=\"aligncenter size-large wp-image-115\" src=\"http:\/\/lsci.fr\/wp-content\/uploads\/2018\/03\/WR_TBN-06-100-LSCI-1024x683.jpg\" alt=\"\" width=\"1024\" height=\"683\" srcset=\"https:\/\/lsci.fr\/wp-content\/uploads\/2018\/03\/WR_TBN-06-100-LSCI-1024x683.jpg 1024w, https:\/\/lsci.fr\/wp-content\/uploads\/2018\/03\/WR_TBN-06-100-LSCI-300x200.jpg 300w, https:\/\/lsci.fr\/wp-content\/uploads\/2018\/03\/WR_TBN-06-100-LSCI-768x512.jpg 768w\" sizes=\"(max-width: 1024px) 100vw, 1024px\" \/><\/p>\n<h1 style=\"text-align: center;\">THERMOSTATISATION<\/h1>\n<p>La famille de THERMOSTATISATION est compos\u00e9e de 181 appareils avec leurs accessoires correspondants destin\u00e9s au chauffage ou au refroidissement, tels que: Bains avec agitation magn\u00e9tique, bains avec agitation m\u00e9canique, bains Marie, bains \u00e0 sable, bains \u00e0 circulation, bains \u00e0 circulation r\u00e9frig\u00e9r\u00e9s, bains pour l\u2019enseignement, bains en batterie, bain pour butyrom\u00e8tres, bains pour la d\u00e9gustation de l&#8217;huile d\u2019olive, bain histologique, bain pour viscosim\u00e8tres, cryothermostats, cuves, dispositifs \u00e0 circulation, serpentins \u00e0 immersion et thermostats \u00e0 immersion.<\/p>\n<p><a href=\"https:\/\/www.dropbox.com\/s\/hdq42yecs5bcerm\/LSCI%20Thermostatisation%202019.pdf?dl=0\"><strong><img loading=\"lazy\" class=\"alignleft  wp-image-226\" src=\"http:\/\/lsci.fr\/wp-content\/uploads\/2018\/04\/Bot\u00f3-descarga-150x150.png\" alt=\"\" width=\"59\" height=\"59\" srcset=\"https:\/\/lsci.fr\/wp-content\/uploads\/2018\/04\/Bot\u00f3-descarga-150x150.png 150w, https:\/\/lsci.fr\/wp-content\/uploads\/2018\/04\/Bot\u00f3-descarga-300x300.png 300w, https:\/\/lsci.fr\/wp-content\/uploads\/2018\/04\/Bot\u00f3-descarga-768x768.png 768w, https:\/\/lsci.fr\/wp-content\/uploads\/2018\/04\/Bot\u00f3-descarga-1024x1024.png 1024w, https:\/\/lsci.fr\/wp-content\/uploads\/2018\/04\/Bot\u00f3-descarga.png 1280w\" sizes=\"(max-width: 59px) 100vw, 59px\" \/><\/strong><\/a><\/p>\n<p><strong>T\u00e9l\u00e9chargez le catalogue de thermostatisation<\/strong><\/p>\n<p><a href=\"https:\/\/www.dropbox.com\/s\/ylgz79a067zyuwj\/LSCI%20Thermostatization%202019.pdf?dl=0\"><strong><img loading=\"lazy\" class=\"alignleft  wp-image-226\" src=\"http:\/\/lsci.fr\/wp-content\/uploads\/2018\/04\/Bot\u00f3-descarga-150x150.png\" alt=\"\" width=\"59\" height=\"59\" srcset=\"https:\/\/lsci.fr\/wp-content\/uploads\/2018\/04\/Bot\u00f3-descarga-150x150.png 150w, https:\/\/lsci.fr\/wp-content\/uploads\/2018\/04\/Bot\u00f3-descarga-300x300.png 300w, https:\/\/lsci.fr\/wp-content\/uploads\/2018\/04\/Bot\u00f3-descarga-768x768.png 768w, https:\/\/lsci.fr\/wp-content\/uploads\/2018\/04\/Bot\u00f3-descarga-1024x1024.png 1024w, https:\/\/lsci.fr\/wp-content\/uploads\/2018\/04\/Bot\u00f3-descarga.png 1280w\" sizes=\"(max-width: 59px) 100vw, 59px\" \/><\/strong><\/a><\/p>\n<p><strong>Download thermostatisation catalogue<\/strong><\/p>\n<p><strong><a href=\"https:\/\/www.dropbox.com\/s\/3nh2cborg79wvd2\/LSCI%20Termostatitzaci%C3%B3n%202019.pdf?dl=0\"><img loading=\"lazy\" class=\"alignleft  wp-image-226\" src=\"http:\/\/lsci.fr\/wp-content\/uploads\/2018\/04\/Bot\u00f3-descarga-150x150.png\" alt=\"\" width=\"59\" height=\"59\" srcset=\"https:\/\/lsci.fr\/wp-content\/uploads\/2018\/04\/Bot\u00f3-descarga-150x150.png 150w, https:\/\/lsci.fr\/wp-content\/uploads\/2018\/04\/Bot\u00f3-descarga-300x300.png 300w, https:\/\/lsci.fr\/wp-content\/uploads\/2018\/04\/Bot\u00f3-descarga-768x768.png 768w, https:\/\/lsci.fr\/wp-content\/uploads\/2018\/04\/Bot\u00f3-descarga-1024x1024.png 1024w, https:\/\/lsci.fr\/wp-content\/uploads\/2018\/04\/Bot\u00f3-descarga.png 1280w\" sizes=\"(max-width: 59px) 100vw, 59px\" \/><\/a>Descargar el cat\u00e1logo de termostatizaci\u00f3n<\/strong><\/p>\n","protected":false},"excerpt":{"rendered":"<p>THERMOSTATISATION La famille de THERMOSTATISATION est compos\u00e9e de 181 appareils avec leurs accessoires correspondants destin\u00e9s au chauffage ou au refroidissement, tels que: Bains avec agitation magn\u00e9tique, bains avec agitation m\u00e9canique, bains Marie, bains \u00e0 sable, bains \u00e0 circulation, bains \u00e0 circulation r\u00e9frig\u00e9r\u00e9s, bains pour l\u2019enseignement, bains en batterie, bain pour butyrom\u00e8tres, bains pour la d\u00e9gustation [&hellip;]<\/p>\n","protected":false},"author":1,"featured_media":0,"parent":0,"menu_order":0,"comment_status":"closed","ping_status":"closed","template":"","meta":[],"_links":{"self":[{"href":"https:\/\/lsci.fr\/index.php\/wp-json\/wp\/v2\/pages\/160"}],"collection":[{"href":"https:\/\/lsci.fr\/index.php\/wp-json\/wp\/v2\/pages"}],"about":[{"href":"https:\/\/lsci.fr\/index.php\/wp-json\/wp\/v2\/types\/page"}],"author":[{"embeddable":true,"href":"https:\/\/lsci.fr\/index.php\/wp-json\/wp\/v2\/users\/1"}],"replies":[{"embeddable":true,"href":"https:\/\/lsci.fr\/index.php\/wp-json\/wp\/v2\/comments?post=160"}],"version-history":[{"count":6,"href":"https:\/\/lsci.fr\/index.php\/wp-json\/wp\/v2\/pages\/160\/revisions"}],"predecessor-version":[{"id":330,"href":"https:\/\/lsci.fr\/index.php\/wp-json\/wp\/v2\/pages\/160\/revisions\/330"}],"wp:attachment":[{"href":"https:\/\/lsci.fr\/index.php\/wp-json\/wp\/v2\/media?parent=160"}],"curies":[{"name":"wp","href":"https:\/\/api.w.org\/{rel}","templated":true}]}}