{"id":156,"date":"2018-03-29T16:33:50","date_gmt":"2018-03-29T14:33:50","guid":{"rendered":"http:\/\/lsci.fr\/?page_id=156"},"modified":"2019-04-02T15:07:30","modified_gmt":"2019-04-02T13:07:30","slug":"divers","status":"publish","type":"page","link":"https:\/\/lsci.fr\/index.php\/divers\/","title":{"rendered":"Divers"},"content":{"rendered":"<p><img loading=\"lazy\" class=\"aligncenter size-full wp-image-182\" src=\"http:\/\/lsci.fr\/wp-content\/uploads\/2018\/03\/DGI-01-WR.jpg\" alt=\"DGI-01 LSCI\" width=\"1000\" height=\"750\" srcset=\"https:\/\/lsci.fr\/wp-content\/uploads\/2018\/03\/DGI-01-WR.jpg 1000w, https:\/\/lsci.fr\/wp-content\/uploads\/2018\/03\/DGI-01-WR-300x225.jpg 300w, https:\/\/lsci.fr\/wp-content\/uploads\/2018\/03\/DGI-01-WR-768x576.jpg 768w\" sizes=\"(max-width: 1000px) 100vw, 1000px\" \/><\/p>\n<h1 style=\"text-align: center;\">DIVERS<\/h1>\n<p>La famille de DIVERS regroupe 63 appareils qui ne peuvent \u00eatre inclus dans les 7 autres familles dans lesquelles nous avons divis\u00e9 notre catalogue, tels que: Pompe \u00e0 circulation, pompes p\u00e9ristaltiques, pompe \u00e0 vide, compresseur d&#8217;air, jauge, compteur horaire, illuminateurs, contr\u00f4leur de puissance, contr\u00f4leur de temp\u00e9rature, minuterie, minuterie cyclique, thermom\u00e8tre et jauge \u00e0 vide.<\/p>\n<p><a href=\"https:\/\/www.dropbox.com\/s\/htobwhzvc9x0feq\/LSCI%20Divers%202019.pdf?dl=0\"><img loading=\"lazy\" class=\"alignleft  wp-image-226\" src=\"http:\/\/lsci.fr\/wp-content\/uploads\/2018\/04\/Bot\u00f3-descarga-150x150.png\" alt=\"\" width=\"59\" height=\"59\" srcset=\"https:\/\/lsci.fr\/wp-content\/uploads\/2018\/04\/Bot\u00f3-descarga-150x150.png 150w, https:\/\/lsci.fr\/wp-content\/uploads\/2018\/04\/Bot\u00f3-descarga-300x300.png 300w, https:\/\/lsci.fr\/wp-content\/uploads\/2018\/04\/Bot\u00f3-descarga-768x768.png 768w, https:\/\/lsci.fr\/wp-content\/uploads\/2018\/04\/Bot\u00f3-descarga-1024x1024.png 1024w, https:\/\/lsci.fr\/wp-content\/uploads\/2018\/04\/Bot\u00f3-descarga.png 1280w\" sizes=\"(max-width: 59px) 100vw, 59px\" \/><\/a><\/p>\n<p><strong>T\u00e9<\/strong><strong>l\u00e9chargez le catalogue de divers<\/strong><\/p>\n<p><a href=\"https:\/\/www.dropbox.com\/s\/bv6ysj1bjcedj2r\/LSCI%20Divers%202019.pdf?dl=0\"><strong><img loading=\"lazy\" class=\"alignleft  wp-image-226\" src=\"http:\/\/lsci.fr\/wp-content\/uploads\/2018\/04\/Bot\u00f3-descarga-150x150.png\" alt=\"\" width=\"59\" height=\"59\" srcset=\"https:\/\/lsci.fr\/wp-content\/uploads\/2018\/04\/Bot\u00f3-descarga-150x150.png 150w, https:\/\/lsci.fr\/wp-content\/uploads\/2018\/04\/Bot\u00f3-descarga-300x300.png 300w, https:\/\/lsci.fr\/wp-content\/uploads\/2018\/04\/Bot\u00f3-descarga-768x768.png 768w, https:\/\/lsci.fr\/wp-content\/uploads\/2018\/04\/Bot\u00f3-descarga-1024x1024.png 1024w, https:\/\/lsci.fr\/wp-content\/uploads\/2018\/04\/Bot\u00f3-descarga.png 1280w\" sizes=\"(max-width: 59px) 100vw, 59px\" \/><\/strong><\/a><\/p>\n<p><strong>Download various catalogue<\/strong><\/p>\n<p><strong><a href=\"https:\/\/www.dropbox.com\/s\/dddt4fpgs1yqat7\/LSCI%20Diversos%202019.pdf?dl=0\"><img loading=\"lazy\" class=\"alignleft  wp-image-226\" src=\"http:\/\/lsci.fr\/wp-content\/uploads\/2018\/04\/Bot\u00f3-descarga-150x150.png\" alt=\"\" width=\"60\" height=\"60\" srcset=\"https:\/\/lsci.fr\/wp-content\/uploads\/2018\/04\/Bot\u00f3-descarga-150x150.png 150w, https:\/\/lsci.fr\/wp-content\/uploads\/2018\/04\/Bot\u00f3-descarga-300x300.png 300w, https:\/\/lsci.fr\/wp-content\/uploads\/2018\/04\/Bot\u00f3-descarga-768x768.png 768w, https:\/\/lsci.fr\/wp-content\/uploads\/2018\/04\/Bot\u00f3-descarga-1024x1024.png 1024w, https:\/\/lsci.fr\/wp-content\/uploads\/2018\/04\/Bot\u00f3-descarga.png 1280w\" sizes=\"(max-width: 60px) 100vw, 60px\" \/><\/a>Descargar el cat\u00e1logo de diversos<\/strong><\/p>\n","protected":false},"excerpt":{"rendered":"<p>DIVERS La famille de DIVERS regroupe 63 appareils qui ne peuvent \u00eatre inclus dans les 7 autres familles dans lesquelles nous avons divis\u00e9 notre catalogue, tels que: Pompe \u00e0 circulation, pompes p\u00e9ristaltiques, pompe \u00e0 vide, compresseur d&#8217;air, jauge, compteur horaire, illuminateurs, contr\u00f4leur de puissance, contr\u00f4leur de temp\u00e9rature, minuterie, minuterie cyclique, thermom\u00e8tre et jauge \u00e0 vide. [&hellip;]<\/p>\n","protected":false},"author":1,"featured_media":0,"parent":0,"menu_order":0,"comment_status":"closed","ping_status":"closed","template":"","meta":[],"_links":{"self":[{"href":"https:\/\/lsci.fr\/index.php\/wp-json\/wp\/v2\/pages\/156"}],"collection":[{"href":"https:\/\/lsci.fr\/index.php\/wp-json\/wp\/v2\/pages"}],"about":[{"href":"https:\/\/lsci.fr\/index.php\/wp-json\/wp\/v2\/types\/page"}],"author":[{"embeddable":true,"href":"https:\/\/lsci.fr\/index.php\/wp-json\/wp\/v2\/users\/1"}],"replies":[{"embeddable":true,"href":"https:\/\/lsci.fr\/index.php\/wp-json\/wp\/v2\/comments?post=156"}],"version-history":[{"count":6,"href":"https:\/\/lsci.fr\/index.php\/wp-json\/wp\/v2\/pages\/156\/revisions"}],"predecessor-version":[{"id":325,"href":"https:\/\/lsci.fr\/index.php\/wp-json\/wp\/v2\/pages\/156\/revisions\/325"}],"wp:attachment":[{"href":"https:\/\/lsci.fr\/index.php\/wp-json\/wp\/v2\/media?parent=156"}],"curies":[{"name":"wp","href":"https:\/\/api.w.org\/{rel}","templated":true}]}}