{"id":154,"date":"2018-03-29T16:33:31","date_gmt":"2018-03-29T14:33:31","guid":{"rendered":"http:\/\/lsci.fr\/?page_id=154"},"modified":"2019-04-02T15:03:44","modified_gmt":"2019-04-02T13:03:44","slug":"chauffage","status":"publish","type":"page","link":"https:\/\/lsci.fr\/index.php\/chauffage\/","title":{"rendered":"Chauffage"},"content":{"rendered":"<p><img loading=\"lazy\" class=\"aligncenter wp-image-181\" src=\"http:\/\/lsci.fr\/wp-content\/uploads\/2018\/03\/HR_CPC-4135-SOHLET-LSCI.jpg\" alt=\"CPC-4135+ SOHLET LSCI\" width=\"498\" height=\"747\" srcset=\"https:\/\/lsci.fr\/wp-content\/uploads\/2018\/03\/HR_CPC-4135-SOHLET-LSCI.jpg 2592w, https:\/\/lsci.fr\/wp-content\/uploads\/2018\/03\/HR_CPC-4135-SOHLET-LSCI-200x300.jpg 200w, https:\/\/lsci.fr\/wp-content\/uploads\/2018\/03\/HR_CPC-4135-SOHLET-LSCI-768x1152.jpg 768w, https:\/\/lsci.fr\/wp-content\/uploads\/2018\/03\/HR_CPC-4135-SOHLET-LSCI-683x1024.jpg 683w\" sizes=\"(max-width: 498px) 100vw, 498px\" \/><\/p>\n<h1 style=\"text-align: center;\">CHAUFFAGE<\/h1>\n<p>La famille de CHAUFFAGE est compos\u00e9e de 67 appareils et leurs accessoires tels que: Block \u00e1 sec, block chauffe creusets, cordon de chauffage, distillateur d\u2019eau, g\u00e9n\u00e9rateur de vapeur, four tubulaire, chauffe ballons, plaques chauffantes, radiateurs et r\u00e9sistances tubulaires \u00e0 immersion.<\/p>\n<p><a href=\"https:\/\/www.dropbox.com\/s\/gjnfhttbaj9s4ay\/LSCI%20Chauffage%202019.pdf?dl=0\"><img loading=\"lazy\" class=\"alignleft  wp-image-226\" src=\"http:\/\/lsci.fr\/wp-content\/uploads\/2018\/04\/Bot\u00f3-descarga-150x150.png\" alt=\"\" width=\"59\" height=\"59\" srcset=\"https:\/\/lsci.fr\/wp-content\/uploads\/2018\/04\/Bot\u00f3-descarga-150x150.png 150w, https:\/\/lsci.fr\/wp-content\/uploads\/2018\/04\/Bot\u00f3-descarga-300x300.png 300w, https:\/\/lsci.fr\/wp-content\/uploads\/2018\/04\/Bot\u00f3-descarga-768x768.png 768w, https:\/\/lsci.fr\/wp-content\/uploads\/2018\/04\/Bot\u00f3-descarga-1024x1024.png 1024w, https:\/\/lsci.fr\/wp-content\/uploads\/2018\/04\/Bot\u00f3-descarga.png 1280w\" sizes=\"(max-width: 59px) 100vw, 59px\" \/><\/a><\/p>\n<p><strong>T\u00e9<\/strong><strong>l\u00e9chargez le catalogue de chauffage<\/strong><\/p>\n<p><a href=\"https:\/\/www.dropbox.com\/s\/7m8u07o8sqvy0hz\/LSCI%20Heating%202019.pdf?dl=0\"><img loading=\"lazy\" class=\"alignleft  wp-image-226\" src=\"http:\/\/lsci.fr\/wp-content\/uploads\/2018\/04\/Bot\u00f3-descarga-150x150.png\" alt=\"\" width=\"59\" height=\"59\" srcset=\"https:\/\/lsci.fr\/wp-content\/uploads\/2018\/04\/Bot\u00f3-descarga-150x150.png 150w, https:\/\/lsci.fr\/wp-content\/uploads\/2018\/04\/Bot\u00f3-descarga-300x300.png 300w, https:\/\/lsci.fr\/wp-content\/uploads\/2018\/04\/Bot\u00f3-descarga-768x768.png 768w, https:\/\/lsci.fr\/wp-content\/uploads\/2018\/04\/Bot\u00f3-descarga-1024x1024.png 1024w, https:\/\/lsci.fr\/wp-content\/uploads\/2018\/04\/Bot\u00f3-descarga.png 1280w\" sizes=\"(max-width: 59px) 100vw, 59px\" \/><\/a><\/p>\n<p><strong>Download heating catalogue<\/strong><\/p>\n<p><strong><a href=\"https:\/\/www.dropbox.com\/s\/xmdfexox54r1v17\/LSCI%20Calefacci%C3%B3n%202019.pdf?dl=0\"><img loading=\"lazy\" class=\"alignleft  wp-image-226\" src=\"http:\/\/lsci.fr\/wp-content\/uploads\/2018\/04\/Bot\u00f3-descarga-150x150.png\" alt=\"\" width=\"60\" height=\"60\" srcset=\"https:\/\/lsci.fr\/wp-content\/uploads\/2018\/04\/Bot\u00f3-descarga-150x150.png 150w, https:\/\/lsci.fr\/wp-content\/uploads\/2018\/04\/Bot\u00f3-descarga-300x300.png 300w, https:\/\/lsci.fr\/wp-content\/uploads\/2018\/04\/Bot\u00f3-descarga-768x768.png 768w, https:\/\/lsci.fr\/wp-content\/uploads\/2018\/04\/Bot\u00f3-descarga-1024x1024.png 1024w, https:\/\/lsci.fr\/wp-content\/uploads\/2018\/04\/Bot\u00f3-descarga.png 1280w\" sizes=\"(max-width: 60px) 100vw, 60px\" \/><\/a>Descargar el cat\u00e1logo de calefacci\u00f3n<\/strong><\/p>\n","protected":false},"excerpt":{"rendered":"<p>CHAUFFAGE La famille de CHAUFFAGE est compos\u00e9e de 67 appareils et leurs accessoires tels que: Block \u00e1 sec, block chauffe creusets, cordon de chauffage, distillateur d\u2019eau, g\u00e9n\u00e9rateur de vapeur, four tubulaire, chauffe ballons, plaques chauffantes, radiateurs et r\u00e9sistances tubulaires \u00e0 immersion. T\u00e9l\u00e9chargez le catalogue de chauffage Download heating catalogue Descargar el cat\u00e1logo de calefacci\u00f3n<\/p>\n","protected":false},"author":1,"featured_media":0,"parent":0,"menu_order":0,"comment_status":"closed","ping_status":"closed","template":"","meta":[],"_links":{"self":[{"href":"https:\/\/lsci.fr\/index.php\/wp-json\/wp\/v2\/pages\/154"}],"collection":[{"href":"https:\/\/lsci.fr\/index.php\/wp-json\/wp\/v2\/pages"}],"about":[{"href":"https:\/\/lsci.fr\/index.php\/wp-json\/wp\/v2\/types\/page"}],"author":[{"embeddable":true,"href":"https:\/\/lsci.fr\/index.php\/wp-json\/wp\/v2\/users\/1"}],"replies":[{"embeddable":true,"href":"https:\/\/lsci.fr\/index.php\/wp-json\/wp\/v2\/comments?post=154"}],"version-history":[{"count":6,"href":"https:\/\/lsci.fr\/index.php\/wp-json\/wp\/v2\/pages\/154\/revisions"}],"predecessor-version":[{"id":323,"href":"https:\/\/lsci.fr\/index.php\/wp-json\/wp\/v2\/pages\/154\/revisions\/323"}],"wp:attachment":[{"href":"https:\/\/lsci.fr\/index.php\/wp-json\/wp\/v2\/media?parent=154"}],"curies":[{"name":"wp","href":"https:\/\/api.w.org\/{rel}","templated":true}]}}