{"id":149,"date":"2018-03-29T16:31:34","date_gmt":"2018-03-29T14:31:34","guid":{"rendered":"http:\/\/lsci.fr\/?page_id=149"},"modified":"2019-04-02T14:47:06","modified_gmt":"2019-04-02T12:47:06","slug":"agitation-mecanique","status":"publish","type":"page","link":"https:\/\/lsci.fr\/index.php\/agitation-mecanique\/","title":{"rendered":"Agitation m\u00e9canique"},"content":{"rendered":"<p><img loading=\"lazy\" class=\"size-large wp-image-175\" src=\"http:\/\/lsci.fr\/wp-content\/uploads\/2018\/03\/MRPI-12-LSCI-1024x683.jpg\" alt=\"MRPI-12 LSCI\" width=\"1024\" height=\"683\" srcset=\"https:\/\/lsci.fr\/wp-content\/uploads\/2018\/03\/MRPI-12-LSCI-1024x683.jpg 1024w, https:\/\/lsci.fr\/wp-content\/uploads\/2018\/03\/MRPI-12-LSCI-300x200.jpg 300w, https:\/\/lsci.fr\/wp-content\/uploads\/2018\/03\/MRPI-12-LSCI-768x512.jpg 768w\" sizes=\"(max-width: 1024px) 100vw, 1024px\" \/><\/p>\n<h1 style=\"text-align: center;\">AGITATION M\u00c9CANIQUE<\/h1>\n<p>La famille des agitateurs m\u00e9caniques est compos\u00e9e de 61 mod\u00e8les differents et leurs accessoires, pour agiter, secouer et m\u00e9langer avec toute sorte de mouvements, toute sorte de r\u00e9cipients de laboratoire.<\/p>\n<p><a href=\"https:\/\/www.dropbox.com\/s\/qr5tmc6xz2d857x\/LSCI%20Agitation%20M%C3%A9canique%202019.pdf?dl=0\"><img loading=\"lazy\" class=\"alignleft  wp-image-226\" src=\"http:\/\/lsci.fr\/wp-content\/uploads\/2018\/04\/Bot\u00f3-descarga-150x150.png\" alt=\"\" width=\"59\" height=\"59\" srcset=\"https:\/\/lsci.fr\/wp-content\/uploads\/2018\/04\/Bot\u00f3-descarga-150x150.png 150w, https:\/\/lsci.fr\/wp-content\/uploads\/2018\/04\/Bot\u00f3-descarga-300x300.png 300w, https:\/\/lsci.fr\/wp-content\/uploads\/2018\/04\/Bot\u00f3-descarga-768x768.png 768w, https:\/\/lsci.fr\/wp-content\/uploads\/2018\/04\/Bot\u00f3-descarga-1024x1024.png 1024w, https:\/\/lsci.fr\/wp-content\/uploads\/2018\/04\/Bot\u00f3-descarga.png 1280w\" sizes=\"(max-width: 59px) 100vw, 59px\" \/><\/a><\/p>\n<p><strong>T\u00e9l\u00e9chargez le catalogue d&#8217;agitation m\u00e9canique<\/strong><\/p>\n<p><a href=\"https:\/\/www.dropbox.com\/s\/5hedp37xhkxrcws\/LSCI%20Mechanical%20Stirring%202019.pdf?dl=0\"><img loading=\"lazy\" class=\"alignleft  wp-image-226\" src=\"http:\/\/lsci.fr\/wp-content\/uploads\/2018\/04\/Bot\u00f3-descarga-150x150.png\" alt=\"\" width=\"59\" height=\"59\" srcset=\"https:\/\/lsci.fr\/wp-content\/uploads\/2018\/04\/Bot\u00f3-descarga-150x150.png 150w, https:\/\/lsci.fr\/wp-content\/uploads\/2018\/04\/Bot\u00f3-descarga-300x300.png 300w, https:\/\/lsci.fr\/wp-content\/uploads\/2018\/04\/Bot\u00f3-descarga-768x768.png 768w, https:\/\/lsci.fr\/wp-content\/uploads\/2018\/04\/Bot\u00f3-descarga-1024x1024.png 1024w, https:\/\/lsci.fr\/wp-content\/uploads\/2018\/04\/Bot\u00f3-descarga.png 1280w\" sizes=\"(max-width: 59px) 100vw, 59px\" \/><\/a><\/p>\n<p style=\"text-align: left;\"><strong>Download mechanical stirring<\/strong><\/p>\n<p><a href=\"https:\/\/www.dropbox.com\/s\/qc6g4ge17arqgb1\/LSCI%20Agitaci%C3%B3n%20Mec%C3%A1nica%202019.pdf?dl=0\"><img loading=\"lazy\" class=\"alignleft  wp-image-226\" src=\"http:\/\/lsci.fr\/wp-content\/uploads\/2018\/04\/Bot\u00f3-descarga-150x150.png\" alt=\"\" width=\"60\" height=\"60\" srcset=\"https:\/\/lsci.fr\/wp-content\/uploads\/2018\/04\/Bot\u00f3-descarga-150x150.png 150w, https:\/\/lsci.fr\/wp-content\/uploads\/2018\/04\/Bot\u00f3-descarga-300x300.png 300w, https:\/\/lsci.fr\/wp-content\/uploads\/2018\/04\/Bot\u00f3-descarga-768x768.png 768w, https:\/\/lsci.fr\/wp-content\/uploads\/2018\/04\/Bot\u00f3-descarga-1024x1024.png 1024w, https:\/\/lsci.fr\/wp-content\/uploads\/2018\/04\/Bot\u00f3-descarga.png 1280w\" sizes=\"(max-width: 60px) 100vw, 60px\" \/><\/a><\/p>\n<p style=\"text-align: left;\"><strong>Descargar el cat\u00e1logo de agitaci\u00f3n mec\u00e1nica<\/strong><\/p>\n","protected":false},"excerpt":{"rendered":"<p>AGITATION M\u00c9CANIQUE La famille des agitateurs m\u00e9caniques est compos\u00e9e de 61 mod\u00e8les differents et leurs accessoires, pour agiter, secouer et m\u00e9langer avec toute sorte de mouvements, toute sorte de r\u00e9cipients de laboratoire. T\u00e9l\u00e9chargez le catalogue d&#8217;agitation m\u00e9canique Download mechanical stirring Descargar el cat\u00e1logo de agitaci\u00f3n mec\u00e1nica<\/p>\n","protected":false},"author":1,"featured_media":0,"parent":0,"menu_order":0,"comment_status":"closed","ping_status":"closed","template":"","meta":[],"_links":{"self":[{"href":"https:\/\/lsci.fr\/index.php\/wp-json\/wp\/v2\/pages\/149"}],"collection":[{"href":"https:\/\/lsci.fr\/index.php\/wp-json\/wp\/v2\/pages"}],"about":[{"href":"https:\/\/lsci.fr\/index.php\/wp-json\/wp\/v2\/types\/page"}],"author":[{"embeddable":true,"href":"https:\/\/lsci.fr\/index.php\/wp-json\/wp\/v2\/users\/1"}],"replies":[{"embeddable":true,"href":"https:\/\/lsci.fr\/index.php\/wp-json\/wp\/v2\/comments?post=149"}],"version-history":[{"count":6,"href":"https:\/\/lsci.fr\/index.php\/wp-json\/wp\/v2\/pages\/149\/revisions"}],"predecessor-version":[{"id":319,"href":"https:\/\/lsci.fr\/index.php\/wp-json\/wp\/v2\/pages\/149\/revisions\/319"}],"wp:attachment":[{"href":"https:\/\/lsci.fr\/index.php\/wp-json\/wp\/v2\/media?parent=149"}],"curies":[{"name":"wp","href":"https:\/\/api.w.org\/{rel}","templated":true}]}}