{"id":147,"date":"2018-03-29T16:31:13","date_gmt":"2018-03-29T14:31:13","guid":{"rendered":"http:\/\/lsci.fr\/?page_id=147"},"modified":"2019-04-02T14:52:29","modified_gmt":"2019-04-02T12:52:29","slug":"agitation-magnetique","status":"publish","type":"page","link":"https:\/\/lsci.fr\/index.php\/agitation-magnetique\/","title":{"rendered":"Agitation magn\u00e9tique"},"content":{"rendered":"<p><img loading=\"lazy\" class=\"aligncenter wp-image-116\" src=\"http:\/\/lsci.fr\/wp-content\/uploads\/2018\/03\/ACS-160-WR-LSCI.jpg\" alt=\"ACS-160 LSCI\" width=\"591\" height=\"443\" srcset=\"https:\/\/lsci.fr\/wp-content\/uploads\/2018\/03\/ACS-160-WR-LSCI.jpg 1000w, https:\/\/lsci.fr\/wp-content\/uploads\/2018\/03\/ACS-160-WR-LSCI-300x225.jpg 300w, https:\/\/lsci.fr\/wp-content\/uploads\/2018\/03\/ACS-160-WR-LSCI-768x576.jpg 768w\" sizes=\"(max-width: 591px) 100vw, 591px\" \/><\/p>\n<h1 style=\"text-align: center;\">AGITATION MAGN\u00c9TIQUE<\/h1>\n<p>La famille des agitateurs magn\u00e9tiques LSCI, est compos\u00e9e de 34 mod\u00e8les diff\u00e9rents pour couvrir la plupart des besoins d&#8217;un laboratoire, et est divis\u00e9e dans les groupes suivants:<\/p>\n<ul>\n<li><strong>ANS<\/strong> Agitateurs magn\u00e9tiques <em>sans<\/em> chauffage monoposte<\/li>\n<li><a href=\"http:\/\/lsci.fr\/?page_id=250\"><strong>ANM<\/strong> Agitateurs magn\u00e9tiques <em>sans<\/em> chauffage multiposte<\/a><\/li>\n<li><strong>ACS<\/strong> Agitateurs magn\u00e9tiques <em>avec<\/em> chauffage monoposte<\/li>\n<li><strong>ACM<\/strong> Agitateurs magn\u00e9tiques <em>avec<\/em> chauffage multiposte<\/li>\n<\/ul>\n<p><a href=\"https:\/\/www.dropbox.com\/s\/obd6db2hupast7c\/LSCI%20Agitation%20Magn%C3%A8tique%202019.pdf?dl=0\"><img loading=\"lazy\" class=\"alignleft  wp-image-226\" src=\"http:\/\/lsci.fr\/wp-content\/uploads\/2018\/04\/Bot\u00f3-descarga-150x150.png\" alt=\"\" width=\"62\" height=\"62\" srcset=\"https:\/\/lsci.fr\/wp-content\/uploads\/2018\/04\/Bot\u00f3-descarga-150x150.png 150w, https:\/\/lsci.fr\/wp-content\/uploads\/2018\/04\/Bot\u00f3-descarga-300x300.png 300w, https:\/\/lsci.fr\/wp-content\/uploads\/2018\/04\/Bot\u00f3-descarga-768x768.png 768w, https:\/\/lsci.fr\/wp-content\/uploads\/2018\/04\/Bot\u00f3-descarga-1024x1024.png 1024w, https:\/\/lsci.fr\/wp-content\/uploads\/2018\/04\/Bot\u00f3-descarga.png 1280w\" sizes=\"(max-width: 62px) 100vw, 62px\" \/><\/a><\/p>\n<p><strong>T\u00e9l\u00e9chargez le catalogue d&#8217;agitation magn\u00e9tique<\/strong><\/p>\n<p><a href=\"https:\/\/www.dropbox.com\/s\/p6zhhjl0zhdqdv6\/LSCI%20Magnetic%20Stirring%202019.pdf?dl=0\"><strong><img loading=\"lazy\" class=\"alignleft  wp-image-226\" src=\"http:\/\/lsci.fr\/wp-content\/uploads\/2018\/04\/Bot\u00f3-descarga-150x150.png\" alt=\"\" width=\"59\" height=\"59\" srcset=\"https:\/\/lsci.fr\/wp-content\/uploads\/2018\/04\/Bot\u00f3-descarga-150x150.png 150w, https:\/\/lsci.fr\/wp-content\/uploads\/2018\/04\/Bot\u00f3-descarga-300x300.png 300w, https:\/\/lsci.fr\/wp-content\/uploads\/2018\/04\/Bot\u00f3-descarga-768x768.png 768w, https:\/\/lsci.fr\/wp-content\/uploads\/2018\/04\/Bot\u00f3-descarga-1024x1024.png 1024w, https:\/\/lsci.fr\/wp-content\/uploads\/2018\/04\/Bot\u00f3-descarga.png 1280w\" sizes=\"(max-width: 59px) 100vw, 59px\" \/><\/strong><\/a><\/p>\n<p><strong>Download magnetic stirring catalogue<\/strong><\/p>\n<p><strong><a href=\"https:\/\/www.dropbox.com\/s\/2yzu0by1h437xl2\/LSCI%20Agitaci%C3%B3n%20Magn%C3%A9tica%202019.pdf?dl=0\"><img loading=\"lazy\" class=\"alignleft  wp-image-226\" src=\"http:\/\/lsci.fr\/wp-content\/uploads\/2018\/04\/Bot\u00f3-descarga-150x150.png\" alt=\"\" width=\"60\" height=\"60\" srcset=\"https:\/\/lsci.fr\/wp-content\/uploads\/2018\/04\/Bot\u00f3-descarga-150x150.png 150w, https:\/\/lsci.fr\/wp-content\/uploads\/2018\/04\/Bot\u00f3-descarga-300x300.png 300w, https:\/\/lsci.fr\/wp-content\/uploads\/2018\/04\/Bot\u00f3-descarga-768x768.png 768w, https:\/\/lsci.fr\/wp-content\/uploads\/2018\/04\/Bot\u00f3-descarga-1024x1024.png 1024w, https:\/\/lsci.fr\/wp-content\/uploads\/2018\/04\/Bot\u00f3-descarga.png 1280w\" sizes=\"(max-width: 60px) 100vw, 60px\" \/><\/a>Descargar el cat\u00e1logo de agitaci\u00f3n magn\u00e9tica<\/strong><\/p>\n","protected":false},"excerpt":{"rendered":"<p>AGITATION MAGN\u00c9TIQUE La famille des agitateurs magn\u00e9tiques LSCI, est compos\u00e9e de 34 mod\u00e8les diff\u00e9rents pour couvrir la plupart des besoins d&#8217;un laboratoire, et est divis\u00e9e dans les groupes suivants: ANS Agitateurs magn\u00e9tiques sans chauffage monoposte ANM Agitateurs magn\u00e9tiques sans chauffage multiposte ACS Agitateurs magn\u00e9tiques avec chauffage monoposte ACM Agitateurs magn\u00e9tiques avec chauffage multiposte T\u00e9l\u00e9chargez le [&hellip;]<\/p>\n","protected":false},"author":1,"featured_media":0,"parent":0,"menu_order":0,"comment_status":"closed","ping_status":"closed","template":"","meta":[],"_links":{"self":[{"href":"https:\/\/lsci.fr\/index.php\/wp-json\/wp\/v2\/pages\/147"}],"collection":[{"href":"https:\/\/lsci.fr\/index.php\/wp-json\/wp\/v2\/pages"}],"about":[{"href":"https:\/\/lsci.fr\/index.php\/wp-json\/wp\/v2\/types\/page"}],"author":[{"embeddable":true,"href":"https:\/\/lsci.fr\/index.php\/wp-json\/wp\/v2\/users\/1"}],"replies":[{"embeddable":true,"href":"https:\/\/lsci.fr\/index.php\/wp-json\/wp\/v2\/comments?post=147"}],"version-history":[{"count":8,"href":"https:\/\/lsci.fr\/index.php\/wp-json\/wp\/v2\/pages\/147\/revisions"}],"predecessor-version":[{"id":321,"href":"https:\/\/lsci.fr\/index.php\/wp-json\/wp\/v2\/pages\/147\/revisions\/321"}],"wp:attachment":[{"href":"https:\/\/lsci.fr\/index.php\/wp-json\/wp\/v2\/media?parent=147"}],"curies":[{"name":"wp","href":"https:\/\/api.w.org\/{rel}","templated":true}]}}